{"id":1670,"date":"2022-09-05T11:07:55","date_gmt":"2022-09-05T11:07:55","guid":{"rendered":"https:\/\/elearning.bluetourism.eu\/sustainable-local-tourism-advisors-training-package\/"},"modified":"2023-06-27T12:24:39","modified_gmt":"2023-06-27T12:24:39","slug":"sustainable-local-tourism-advisors-training-package","status":"publish","type":"page","link":"https:\/\/elearning.bluetourism.eu\/sl\/sustainable-local-tourism-advisors-training-package\/","title":{"rendered":"Paket virov za svetovalca"},"content":{"rendered":"<ul>\n<li>\n<p>        <img decoding=\"async\" src=\"\/wp-content\/uploads\/2023\/01\/e1.png\" alt=\"\"><\/p>\n<h3>trajnostni turizem in cilji trajnostnega razvoja<\/h3>\n<div><a href=\"https:\/\/elearning.bluetourism.eu\/wp-content\/uploads\/2023\/06\/Podrocje-kompetenc-1-Trajnostni-turizem-in-cilji-trajnostnega-razvoja.pdf\" target=\"_blank\" class=\"download-rise-btn\" rel=\"noopener\"><span uk-icon=\"icon:download; ratio:2;\"><\/span><\/a><\/p>\n<\/div>\n<p><a href=\"https:\/\/elearning.bluetourism.eu\/flips\/en\/1\/story.html\"><svg xmlns=\"http:\/\/www.w3.org\/2000\/svg\" width=\"40\" height=\"40\" viewBox=\"0 0 20 20\"><circle fill=\"none\" stroke=\"#000\" cx=\"10\" cy=\"10\" r=\"3.45\"><\/circle><path fill=\"none\" stroke=\"#000\" d=\"m19.5,10c-2.4,3.66-5.26,7-9.5,7h0,0,0c-4.24,0-7.1-3.34-9.49-7C2.89,6.34,5.75,3,9.99,3h0,0,0c4.25,0,7.11,3.34,9.5,7Z\"><\/path><\/svg><\/a><\/p>\n<\/li>\n<li>\n<p>        <img decoding=\"async\" src=\"\/wp-content\/uploads\/2023\/01\/e2.png\" alt=\"\"><\/p>\n<h3>etika in dru\u017ebena odgovornost v turizmu<\/h3>\n<div><a href=\"https:\/\/elearning.bluetourism.eu\/wp-content\/uploads\/2023\/06\/Podrocje-kompetenc-2-Etika-in-druzbena-odgovornost-v-turizmu.pdf\" target=\"_blank\" class=\"download-rise-btn\" rel=\"noopener\"><span uk-icon=\"icon:download; ratio:2;\"><\/span><\/a><\/p>\n<\/div>\n<p><a href=\"https:\/\/elearning.bluetourism.eu\/flips\/sl\/2\/story.html\"><svg xmlns=\"http:\/\/www.w3.org\/2000\/svg\" width=\"40\" height=\"40\" viewBox=\"0 0 20 20\"><circle fill=\"none\" stroke=\"#000\" cx=\"10\" cy=\"10\" r=\"3.45\"><\/circle><path fill=\"none\" stroke=\"#000\" d=\"m19.5,10c-2.4,3.66-5.26,7-9.5,7h0,0,0c-4.24,0-7.1-3.34-9.49-7C2.89,6.34,5.75,3,9.99,3h0,0,0c4.25,0,7.11,3.34,9.5,7Z\"><\/path><\/svg><\/a><\/p>\n<\/li>\n<li>\n<p>        <img decoding=\"async\" src=\"\/wp-content\/uploads\/2023\/01\/e3.png\" alt=\"\"><\/p>\n<h3>naravna in kulturna dedi\u0161\u010dina<\/h3>\n<div><a href=\"https:\/\/elearning.bluetourism.eu\/wp-content\/uploads\/2023\/06\/Podrocje-kompetenc-3-Naravna-in-kulturna-dediscina.pdf\" target=\"_blank\" class=\"download-rise-btn\" rel=\"noopener\"><span uk-icon=\"icon:download; ratio:2;\"><\/span><\/a><\/p>\n<\/div>\n<p><a href=\"https:\/\/elearning.bluetourism.eu\/flips\/sl\/3\/story.html\"><svg xmlns=\"http:\/\/www.w3.org\/2000\/svg\" width=\"40\" height=\"40\" viewBox=\"0 0 20 20\"><circle fill=\"none\" stroke=\"#000\" cx=\"10\" cy=\"10\" r=\"3.45\"><\/circle><path fill=\"none\" stroke=\"#000\" d=\"m19.5,10c-2.4,3.66-5.26,7-9.5,7h0,0,0c-4.24,0-7.1-3.34-9.49-7C2.89,6.34,5.75,3,9.99,3h0,0,0c4.25,0,7.11,3.34,9.5,7Z\"><\/path><\/svg><\/a><\/p>\n<\/li>\n<li>\n<p>        <img decoding=\"async\" src=\"\/wp-content\/uploads\/2023\/01\/e4.png\" alt=\"\"><\/p>\n<h3>konkuren\u010dnost in trajnostni lokalni poslovni razvoj<\/h3>\n<div><a href=\"https:\/\/elearning.bluetourism.eu\/wp-content\/uploads\/2023\/06\/Podrocje-kompetenc-4-Konkurencnost-in-trajnostni-lokalni-poslovni-razvoj.pdf\" target=\"_blank\" class=\"download-rise-btn\" rel=\"noopener\"><span uk-icon=\"icon:download; ratio:2;\"><\/span><\/a><\/p>\n<\/div>\n<p><a href=\"https:\/\/elearning.bluetourism.eu\/flips\/sl\/4\/story.html\"><svg xmlns=\"http:\/\/www.w3.org\/2000\/svg\" width=\"40\" height=\"40\" viewBox=\"0 0 20 20\"><circle fill=\"none\" stroke=\"#000\" cx=\"10\" cy=\"10\" r=\"3.45\"><\/circle><path fill=\"none\" stroke=\"#000\" d=\"m19.5,10c-2.4,3.66-5.26,7-9.5,7h0,0,0c-4.24,0-7.1-3.34-9.49-7C2.89,6.34,5.75,3,9.99,3h0,0,0c4.25,0,7.11,3.34,9.5,7Z\"><\/path><\/svg><\/a><\/p>\n<\/li>\n<li>\n<p>        <img decoding=\"async\" src=\"\/wp-content\/uploads\/2023\/01\/e8.png\" alt=\"\"><\/p>\n<h3>strategija internacionalizacije<\/h3>\n<div><a href=\"https:\/\/elearning.bluetourism.eu\/wp-content\/uploads\/2023\/06\/Podrocje-kompetenc-5-Strategija-internacionalizacije.pdf\" target=\"_blank\" class=\"download-rise-btn\" rel=\"noopener\"><span uk-icon=\"icon:download; ratio:2;\"><\/span><\/a><\/p>\n<\/div>\n<p><a href=\"https:\/\/elearning.bluetourism.eu\/flips\/sl\/5\/story.html\"><svg xmlns=\"http:\/\/www.w3.org\/2000\/svg\" width=\"40\" height=\"40\" viewBox=\"0 0 20 20\"><circle fill=\"none\" stroke=\"#000\" cx=\"10\" cy=\"10\" r=\"3.45\"><\/circle><path fill=\"none\" stroke=\"#000\" d=\"m19.5,10c-2.4,3.66-5.26,7-9.5,7h0,0,0c-4.24,0-7.1-3.34-9.49-7C2.89,6.34,5.75,3,9.99,3h0,0,0c4.25,0,7.11,3.34,9.5,7Z\"><\/path><\/svg><\/a><\/p>\n<\/li>\n<li>\n<p>        <img decoding=\"async\" src=\"\/wp-content\/uploads\/2023\/01\/e7.png\" alt=\"\"><\/p>\n<h3>blagovna znamka in digitalni marketing<\/h3>\n<div><a href=\"https:\/\/elearning.bluetourism.eu\/wp-content\/uploads\/2023\/06\/Podrocje-kompetenc-6-Blagovna-znamka-in-digitalni-marketing.pdf\" target=\"_blank\" class=\"download-rise-btn\" rel=\"noopener\"><span uk-icon=\"icon:download; ratio:2;\"><\/span><\/a><\/p>\n<\/div>\n<p><a href=\"https:\/\/elearning.bluetourism.eu\/flips\/sl\/6\/story.html\"><svg xmlns=\"http:\/\/www.w3.org\/2000\/svg\" width=\"40\" height=\"40\" viewBox=\"0 0 20 20\"><circle fill=\"none\" stroke=\"#000\" cx=\"10\" cy=\"10\" r=\"3.45\"><\/circle><path fill=\"none\" stroke=\"#000\" d=\"m19.5,10c-2.4,3.66-5.26,7-9.5,7h0,0,0c-4.24,0-7.1-3.34-9.49-7C2.89,6.34,5.75,3,9.99,3h0,0,0c4.25,0,7.11,3.34,9.5,7Z\"><\/path><\/svg><\/a><\/p>\n<\/li>\n<li>\n<p>        <img decoding=\"async\" src=\"\/wp-content\/uploads\/2023\/01\/e6.png\" alt=\"\"><\/p>\n<h3>mre\u017eenje in lokalna partnerstva<\/h3>\n<div><a href=\"https:\/\/elearning.bluetourism.eu\/wp-content\/uploads\/2023\/06\/Podrocje-kompetenc-7-Mrezenje-in-lokalna-partnerstva.pdf\" target=\"_blank\" class=\"download-rise-btn\" rel=\"noopener\"><span uk-icon=\"icon:download; ratio:2;\"><\/span><\/a><\/p>\n<\/div>\n<p><a href=\"https:\/\/elearning.bluetourism.eu\/flips\/sl\/7\/story.html\"><svg xmlns=\"http:\/\/www.w3.org\/2000\/svg\" width=\"40\" height=\"40\" viewBox=\"0 0 20 20\"><circle fill=\"none\" stroke=\"#000\" cx=\"10\" cy=\"10\" r=\"3.45\"><\/circle><path fill=\"none\" stroke=\"#000\" d=\"m19.5,10c-2.4,3.66-5.26,7-9.5,7h0,0,0c-4.24,0-7.1-3.34-9.49-7C2.89,6.34,5.75,3,9.99,3h0,0,0c4.25,0,7.11,3.34,9.5,7Z\"><\/path><\/svg><\/a><\/p>\n<\/li>\n<li>\n<p>        <img decoding=\"async\" src=\"\/wp-content\/uploads\/2023\/01\/e5.png\" alt=\"\"><\/p>\n<h3>inovacije in digitalna preobrazba<\/h3>\n<div><a href=\"https:\/\/elearning.bluetourism.eu\/wp-content\/uploads\/2023\/06\/Podrocje-kompetenc-8-Inovacije-in-digitalna-preobrazba.pdf\" target=\"_blank\" class=\"download-rise-btn\" rel=\"noopener\"><span uk-icon=\"icon:download; ratio:2;\"><\/span><\/a><\/p>\n<\/div>\n<p><a href=\"https:\/\/elearning.bluetourism.eu\/flips\/sl\/8\/story.html\"><svg xmlns=\"http:\/\/www.w3.org\/2000\/svg\" width=\"40\" height=\"40\" viewBox=\"0 0 20 20\"><circle fill=\"none\" stroke=\"#000\" cx=\"10\" cy=\"10\" r=\"3.45\"><\/circle><path fill=\"none\" stroke=\"#000\" d=\"m19.5,10c-2.4,3.66-5.26,7-9.5,7h0,0,0c-4.24,0-7.1-3.34-9.49-7C2.89,6.34,5.75,3,9.99,3h0,0,0c4.25,0,7.11,3.34,9.5,7Z\"><\/path><\/svg><\/a><\/p>\n<\/li>\n<\/ul>\n<p><!--more--><br \/>\n<!-- {\"type\":\"layout\",\"children\":[{\"type\":\"section\",\"props\":{\"style\":\"default\",\"width\":\"default\",\"vertical_align\":\"middle\",\"title_position\":\"top-left\",\"title_rotation\":\"left\",\"title_breakpoint\":\"xl\",\"image_position\":\"center-center\"},\"children\":[{\"type\":\"row\",\"children\":[{\"type\":\"column\",\"props\":{\"position_sticky_breakpoint\":\"m\",\"image_position\":\"center-center\",\"media_overlay_gradient\":\"\"},\"children\":[{\"type\":\"headline\",\"props\":{\"title_element\":\"h1\"},\"source\":{\"query\":{\"name\":\"pages.singlePage\"},\"props\":{\"content\":{\"filters\":{\"search\":\"\"},\"name\":\"title\"}}}},{\"type\":\"grid\",\"props\":{\"show_title\":true,\"show_meta\":true,\"show_content\":true,\"show_image\":true,\"show_link\":true,\"grid_default\":\"1\",\"grid_medium\":\"3\",\"filter_style\":\"tab\",\"filter_all\":true,\"filter_position\":\"top\",\"filter_align\":\"left\",\"filter_grid_width\":\"auto\",\"filter_grid_breakpoint\":\"m\",\"title_hover_style\":\"reset\",\"title_element\":\"h3\",\"title_align\":\"top\",\"title_grid_width\":\"1-2\",\"title_grid_breakpoint\":\"m\",\"meta_style\":\"meta\",\"meta_align\":\"below-title\",\"meta_element\":\"div\",\"content_column_breakpoint\":\"m\",\"icon_width\":80,\"image_align\":\"top\",\"image_grid_width\":\"1-2\",\"image_grid_breakpoint\":\"m\",\"image_svg_color\":\"emphasis\",\"link_text\":\"<svg xmlns=\\\"http:\\\/\\\/www.w3.org\\\/2000\\\/svg\\\" width=\\\"40\\\" height=\\\"40\\\" viewBox=\\\"0 0 20 20\\\"><circle fill=\\\"none\\\" stroke=\\\"#000\\\" cx=\\\"10\\\" cy=\\\"10\\\" r=\\\"3.45\\\"><\\\/circle><path fill=\\\"none\\\" stroke=\\\"#000\\\" d=\\\"m19.5,10c-2.4,3.66-5.26,7-9.5,7h0,0,0c-4.24,0-7.1-3.34-9.49-7C2.89,6.34,5.75,3,9.99,3h0,0,0c4.25,0,7.11,3.34,9.5,7Z\\\"><\\\/path><\\\/svg>\",\"link_style\":\"\",\"margin\":\"default\",\"item_animation\":true,\"grid_xlarge\":\"4\",\"grid_large\":\"4\",\"panel_link\":false,\"class\":\"ppg\",\"link_target\":true},\"children\":[{\"type\":\"grid_item\",\"props\":{\"title\":\"trajnostni turizem in cilji trajnostnega razvoja\",\"image\":\"wp-content\\\/uploads\\\/2023\\\/01\\\/e1.png\",\"link\":\"https:\\\/\\\/elearning.bluetourism.eu\\\/flips\\\/en\\\/1\\\/story.html\",\"content\":\"<a href=\\\"https:\\\/\\\/elearning.bluetourism.eu\\\/wp-content\\\/uploads\\\/2023\\\/06\\\/Podrocje-kompetenc-1-Trajnostni-turizem-in-cilji-trajnostnega-razvoja.pdf\\\" target=\\\"_blank\\\" class=\\\"download-rise-btn\\\" rel=\\\"noopener\\\"><span uk-icon=\\\"icon:download; ratio:2;\\\"><\\\/span><\\\/a>\\n\\n\"}},{\"type\":\"grid_item\",\"props\":{\"title\":\"etika in dru\\u017ebena odgovornost v turizmu\",\"image\":\"wp-content\\\/uploads\\\/2023\\\/01\\\/e2.png\",\"link\":\"https:\\\/\\\/elearning.bluetourism.eu\\\/flips\\\/sl\\\/2\\\/story.html\",\"content\":\"<a href=\\\"https:\\\/\\\/elearning.bluetourism.eu\\\/wp-content\\\/uploads\\\/2023\\\/06\\\/Podrocje-kompetenc-2-Etika-in-druzbena-odgovornost-v-turizmu.pdf\\\" target=\\\"_blank\\\" class=\\\"download-rise-btn\\\" rel=\\\"noopener\\\"><span uk-icon=\\\"icon:download; ratio:2;\\\"><\\\/span><\\\/a>\\n\\n\"}},{\"type\":\"grid_item\",\"props\":{\"title\":\"naravna in kulturna dedi\\u0161\\u010dina\",\"image\":\"wp-content\\\/uploads\\\/2023\\\/01\\\/e3.png\",\"link\":\"https:\\\/\\\/elearning.bluetourism.eu\\\/flips\\\/sl\\\/3\\\/story.html\",\"content\":\"<a href=\\\"https:\\\/\\\/elearning.bluetourism.eu\\\/wp-content\\\/uploads\\\/2023\\\/06\\\/Podrocje-kompetenc-3-Naravna-in-kulturna-dediscina.pdf\\\" target=\\\"_blank\\\" class=\\\"download-rise-btn\\\" rel=\\\"noopener\\\"><span uk-icon=\\\"icon:download; ratio:2;\\\"><\\\/span><\\\/a>\\n\\n\"}},{\"type\":\"grid_item\",\"props\":{\"title\":\"konkuren\\u010dnost in trajnostni lokalni poslovni razvoj\",\"image\":\"wp-content\\\/uploads\\\/2023\\\/01\\\/e4.png\",\"link\":\"https:\\\/\\\/elearning.bluetourism.eu\\\/flips\\\/sl\\\/4\\\/story.html\",\"content\":\"<a href=\\\"https:\\\/\\\/elearning.bluetourism.eu\\\/wp-content\\\/uploads\\\/2023\\\/06\\\/Podrocje-kompetenc-4-Konkurencnost-in-trajnostni-lokalni-poslovni-razvoj.pdf\\\" target=\\\"_blank\\\" class=\\\"download-rise-btn\\\" rel=\\\"noopener\\\"><span uk-icon=\\\"icon:download; ratio:2;\\\"><\\\/span><\\\/a>\\n\\n\"}},{\"type\":\"grid_item\",\"props\":{\"title\":\"strategija internacionalizacije\",\"image\":\"wp-content\\\/uploads\\\/2023\\\/01\\\/e8.png\",\"link\":\"https:\\\/\\\/elearning.bluetourism.eu\\\/flips\\\/sl\\\/5\\\/story.html\",\"content\":\"<a href=\\\"https:\\\/\\\/elearning.bluetourism.eu\\\/wp-content\\\/uploads\\\/2023\\\/06\\\/Podrocje-kompetenc-5-Strategija-internacionalizacije.pdf\\\" target=\\\"_blank\\\" class=\\\"download-rise-btn\\\" rel=\\\"noopener\\\"><span uk-icon=\\\"icon:download; ratio:2;\\\"><\\\/span><\\\/a>\\n\\n\"}},{\"type\":\"grid_item\",\"props\":{\"title\":\"blagovna znamka in digitalni marketing\",\"image\":\"wp-content\\\/uploads\\\/2023\\\/01\\\/e7.png\",\"link\":\"https:\\\/\\\/elearning.bluetourism.eu\\\/flips\\\/sl\\\/6\\\/story.html\",\"content\":\"<a href=\\\"https:\\\/\\\/elearning.bluetourism.eu\\\/wp-content\\\/uploads\\\/2023\\\/06\\\/Podrocje-kompetenc-6-Blagovna-znamka-in-digitalni-marketing.pdf\\\" target=\\\"_blank\\\" class=\\\"download-rise-btn\\\" rel=\\\"noopener\\\"><span uk-icon=\\\"icon:download; ratio:2;\\\"><\\\/span><\\\/a>\\n\\n\"}},{\"type\":\"grid_item\",\"props\":{\"title\":\"mre\\u017eenje in lokalna partnerstva\",\"image\":\"wp-content\\\/uploads\\\/2023\\\/01\\\/e6.png\",\"link\":\"https:\\\/\\\/elearning.bluetourism.eu\\\/flips\\\/sl\\\/7\\\/story.html\",\"content\":\"<a href=\\\"https:\\\/\\\/elearning.bluetourism.eu\\\/wp-content\\\/uploads\\\/2023\\\/06\\\/Podrocje-kompetenc-7-Mrezenje-in-lokalna-partnerstva.pdf\\\" target=\\\"_blank\\\" class=\\\"download-rise-btn\\\" rel=\\\"noopener\\\"><span uk-icon=\\\"icon:download; ratio:2;\\\"><\\\/span><\\\/a>\\n\\n\"}},{\"type\":\"grid_item\",\"props\":{\"title\":\"inovacije in digitalna preobrazba\",\"image\":\"wp-content\\\/uploads\\\/2023\\\/01\\\/e5.png\",\"link\":\"https:\\\/\\\/elearning.bluetourism.eu\\\/flips\\\/sl\\\/8\\\/story.html\",\"content\":\"<a href=\\\"https:\\\/\\\/elearning.bluetourism.eu\\\/wp-content\\\/uploads\\\/2023\\\/06\\\/Podrocje-kompetenc-8-Inovacije-in-digitalna-preobrazba.pdf\\\" target=\\\"_blank\\\" class=\\\"download-rise-btn\\\" rel=\\\"noopener\\\"><span uk-icon=\\\"icon:download; ratio:2;\\\"><\\\/span><\\\/a>\\n\\n\"}}]}]}]}]}],\"version\":\"2.7.22\"} --><\/p>\n","protected":false},"excerpt":{"rendered":"<p>trajnostni turizem in cilji trajnostnega razvoja etika in dru\u017ebena odgovornost v turizmu naravna in kulturna dedi\u0161\u010dina konkuren\u010dnost in trajnostni lokalni poslovni razvoj strategija internacionalizacije blagovna..<\/p>\n","protected":false},"author":1,"featured_media":0,"parent":0,"menu_order":0,"comment_status":"closed","ping_status":"closed","template":"","meta":{"_acf_changed":false,"inline_featured_image":false,"footnotes":""},"class_list":["post-1670","page","type-page","status-publish","hentry"],"acf":[],"_links":{"self":[{"href":"https:\/\/elearning.bluetourism.eu\/sl\/wp-json\/wp\/v2\/pages\/1670","targetHints":{"allow":["GET"]}}],"collection":[{"href":"https:\/\/elearning.bluetourism.eu\/sl\/wp-json\/wp\/v2\/pages"}],"about":[{"href":"https:\/\/elearning.bluetourism.eu\/sl\/wp-json\/wp\/v2\/types\/page"}],"author":[{"embeddable":true,"href":"https:\/\/elearning.bluetourism.eu\/sl\/wp-json\/wp\/v2\/users\/1"}],"replies":[{"embeddable":true,"href":"https:\/\/elearning.bluetourism.eu\/sl\/wp-json\/wp\/v2\/comments?post=1670"}],"version-history":[{"count":11,"href":"https:\/\/elearning.bluetourism.eu\/sl\/wp-json\/wp\/v2\/pages\/1670\/revisions"}],"predecessor-version":[{"id":2426,"href":"https:\/\/elearning.bluetourism.eu\/sl\/wp-json\/wp\/v2\/pages\/1670\/revisions\/2426"}],"wp:attachment":[{"href":"https:\/\/elearning.bluetourism.eu\/sl\/wp-json\/wp\/v2\/media?parent=1670"}],"curies":[{"name":"wp","href":"https:\/\/api.w.org\/{rel}","templated":true}]}}