{"id":1668,"date":"2022-09-05T11:07:55","date_gmt":"2022-09-05T11:07:55","guid":{"rendered":"https:\/\/elearning.bluetourism.eu\/sustainable-local-tourism-advisors-training-package\/"},"modified":"2023-06-27T12:19:06","modified_gmt":"2023-06-27T12:19:06","slug":"sustainable-local-tourism-advisors-training-package","status":"publish","type":"page","link":"https:\/\/elearning.bluetourism.eu\/pt-pt\/sustainable-local-tourism-advisors-training-package\/","title":{"rendered":"Recursos formativos"},"content":{"rendered":"<ul>\n<li>\n<p>        <img decoding=\"async\" src=\"\/wp-content\/uploads\/2023\/01\/e1.png\" alt=\"\"><\/p>\n<h3>Turismo Sustent\u00e1vel e ODS<\/h3>\n<div><a href=\"https:\/\/elearning.bluetourism.eu\/wp-content\/uploads\/2023\/06\/Area-de-competencia-1-Turismo-sustentavel-e-Objetivos-do-Desenvolvimento-Sustentavel-ODS.pdf\" target=\"_blank\" class=\"download-rise-btn\" rel=\"noopener\"><span uk-icon=\"icon:download; ratio:2;\"><\/span><\/a><\/p>\n<\/div>\n<p><a href=\"https:\/\/elearning.bluetourism.eu\/flips\/pt-pt\/1\/story.html\"><svg xmlns=\"http:\/\/www.w3.org\/2000\/svg\" width=\"40\" height=\"40\" viewBox=\"0 0 20 20\"><circle fill=\"none\" stroke=\"#000\" cx=\"10\" cy=\"10\" r=\"3.45\"><\/circle><path fill=\"none\" stroke=\"#000\" d=\"m19.5,10c-2.4,3.66-5.26,7-9.5,7h0,0,0c-4.24,0-7.1-3.34-9.49-7C2.89,6.34,5.75,3,9.99,3h0,0,0c4.25,0,7.11,3.34,9.5,7Z\"><\/path><\/svg><\/a><\/p>\n<\/li>\n<li>\n<p>        <img decoding=\"async\" src=\"\/wp-content\/uploads\/2023\/01\/e2.png\" alt=\"\"><\/p>\n<h3>\u00c9tica e responsabilidade social no turismo<\/h3>\n<div><a href=\"https:\/\/elearning.bluetourism.eu\/wp-content\/uploads\/2023\/06\/Area-de-competencia-2-Etica-e-responsabilidade-social-no-turismo.pdf\" target=\"_blank\" class=\"download-rise-btn\" rel=\"noopener\"><span uk-icon=\"icon:download; ratio:2;\"><\/span><\/a><\/p>\n<\/div>\n<p><a href=\"https:\/\/elearning.bluetourism.eu\/flips\/pt-pt\/2\/story.html\"><svg xmlns=\"http:\/\/www.w3.org\/2000\/svg\" width=\"40\" height=\"40\" viewBox=\"0 0 20 20\"><circle fill=\"none\" stroke=\"#000\" cx=\"10\" cy=\"10\" r=\"3.45\"><\/circle><path fill=\"none\" stroke=\"#000\" d=\"m19.5,10c-2.4,3.66-5.26,7-9.5,7h0,0,0c-4.24,0-7.1-3.34-9.49-7C2.89,6.34,5.75,3,9.99,3h0,0,0c4.25,0,7.11,3.34,9.5,7Z\"><\/path><\/svg><\/a><\/p>\n<\/li>\n<li>\n<p>        <img decoding=\"async\" src=\"\/wp-content\/uploads\/2023\/01\/e3.png\" alt=\"\"><\/p>\n<h3>Patrim\u00f3nio natural e cultural\u00a0<\/h3>\n<div><a href=\"https:\/\/elearning.bluetourism.eu\/wp-content\/uploads\/2023\/06\/Area-de-competencia-3-Patrimonio-natural-e-cultural.pdf\" target=\"_blank\" class=\"download-rise-btn\" rel=\"noopener\"><span uk-icon=\"icon:download; ratio:2;\"><\/span><\/a><\/p>\n<\/div>\n<p><a href=\"https:\/\/elearning.bluetourism.eu\/flips\/pt-pt\/3\/story.html\"><svg xmlns=\"http:\/\/www.w3.org\/2000\/svg\" width=\"40\" height=\"40\" viewBox=\"0 0 20 20\"><circle fill=\"none\" stroke=\"#000\" cx=\"10\" cy=\"10\" r=\"3.45\"><\/circle><path fill=\"none\" stroke=\"#000\" d=\"m19.5,10c-2.4,3.66-5.26,7-9.5,7h0,0,0c-4.24,0-7.1-3.34-9.49-7C2.89,6.34,5.75,3,9.99,3h0,0,0c4.25,0,7.11,3.34,9.5,7Z\"><\/path><\/svg><\/a><\/p>\n<\/li>\n<li>\n<p>        <img decoding=\"async\" src=\"\/wp-content\/uploads\/2023\/01\/e4.png\" alt=\"\"><\/p>\n<h3>Competitividade e desenvolvimento sustent\u00e1vel do tecido empresarial local<\/h3>\n<div><a href=\"https:\/\/elearning.bluetourism.eu\/wp-content\/uploads\/2023\/06\/Area-de-competencia-4-Competitividade-e-desenvolvimento-sustentavel-do-tecido-empresarial-local.pdf\" target=\"_blank\" class=\"download-rise-btn\" rel=\"noopener\"><span uk-icon=\"icon:download; ratio:2;\"><\/span><\/a><\/p>\n<\/div>\n<p><a href=\"https:\/\/elearning.bluetourism.eu\/flips\/pt-pt\/4\/story.html\"><svg xmlns=\"http:\/\/www.w3.org\/2000\/svg\" width=\"40\" height=\"40\" viewBox=\"0 0 20 20\"><circle fill=\"none\" stroke=\"#000\" cx=\"10\" cy=\"10\" r=\"3.45\"><\/circle><path fill=\"none\" stroke=\"#000\" d=\"m19.5,10c-2.4,3.66-5.26,7-9.5,7h0,0,0c-4.24,0-7.1-3.34-9.49-7C2.89,6.34,5.75,3,9.99,3h0,0,0c4.25,0,7.11,3.34,9.5,7Z\"><\/path><\/svg><\/a><\/p>\n<\/li>\n<li>\n<p>        <img decoding=\"async\" src=\"\/wp-content\/uploads\/2023\/01\/e8.png\" alt=\"\"><\/p>\n<h3>Estrat\u00e9gia de internacionaliza\u00e7\u00e3o<\/h3>\n<div><a href=\"https:\/\/elearning.bluetourism.eu\/wp-content\/uploads\/2023\/06\/Area-de-competencia-5-Estrategia-de-internacionalizacao.pdf\" target=\"_blank\" class=\"download-rise-btn\" rel=\"noopener\"><span uk-icon=\"icon:download; ratio:2;\"><\/span><\/a><\/p>\n<\/div>\n<p><a href=\"https:\/\/elearning.bluetourism.eu\/flips\/pt-pt\/5\/story.html\"><svg xmlns=\"http:\/\/www.w3.org\/2000\/svg\" width=\"40\" height=\"40\" viewBox=\"0 0 20 20\"><circle fill=\"none\" stroke=\"#000\" cx=\"10\" cy=\"10\" r=\"3.45\"><\/circle><path fill=\"none\" stroke=\"#000\" d=\"m19.5,10c-2.4,3.66-5.26,7-9.5,7h0,0,0c-4.24,0-7.1-3.34-9.49-7C2.89,6.34,5.75,3,9.99,3h0,0,0c4.25,0,7.11,3.34,9.5,7Z\"><\/path><\/svg><\/a><\/p>\n<\/li>\n<li>\n<p>        <img decoding=\"async\" src=\"\/wp-content\/uploads\/2023\/01\/e7.png\" alt=\"\"><\/p>\n<h3>Branding e marketing digital<\/h3>\n<div><a href=\"https:\/\/elearning.bluetourism.eu\/wp-content\/uploads\/2023\/06\/Area-de-competencia-6-Branding-e-marketing-digital.pdf\" target=\"_blank\" class=\"download-rise-btn\" rel=\"noopener\"><span uk-icon=\"icon:download; ratio:2;\"><\/span><\/a><\/p>\n<\/div>\n<p><a href=\"https:\/\/elearning.bluetourism.eu\/flips\/pt-pt\/6\/story.html\"><svg xmlns=\"http:\/\/www.w3.org\/2000\/svg\" width=\"40\" height=\"40\" viewBox=\"0 0 20 20\"><circle fill=\"none\" stroke=\"#000\" cx=\"10\" cy=\"10\" r=\"3.45\"><\/circle><path fill=\"none\" stroke=\"#000\" d=\"m19.5,10c-2.4,3.66-5.26,7-9.5,7h0,0,0c-4.24,0-7.1-3.34-9.49-7C2.89,6.34,5.75,3,9.99,3h0,0,0c4.25,0,7.11,3.34,9.5,7Z\"><\/path><\/svg><\/a><\/p>\n<\/li>\n<li>\n<p>        <img decoding=\"async\" src=\"\/wp-content\/uploads\/2023\/01\/e6.png\" alt=\"\"><\/p>\n<h3>Networking e parcerias locais<\/h3>\n<div><a href=\"https:\/\/elearning.bluetourism.eu\/wp-content\/uploads\/2023\/06\/Area-de-competencia-7-Networking-e-parcerias-locais.pdf\" target=\"_blank\" class=\"download-rise-btn\" rel=\"noopener\"><span uk-icon=\"icon:download; ratio:2;\"><\/span><\/a><\/p>\n<\/div>\n<p><a href=\"https:\/\/elearning.bluetourism.eu\/flips\/pt-pt\/7\/story.html\"><svg xmlns=\"http:\/\/www.w3.org\/2000\/svg\" width=\"40\" height=\"40\" viewBox=\"0 0 20 20\"><circle fill=\"none\" stroke=\"#000\" cx=\"10\" cy=\"10\" r=\"3.45\"><\/circle><path fill=\"none\" stroke=\"#000\" d=\"m19.5,10c-2.4,3.66-5.26,7-9.5,7h0,0,0c-4.24,0-7.1-3.34-9.49-7C2.89,6.34,5.75,3,9.99,3h0,0,0c4.25,0,7.11,3.34,9.5,7Z\"><\/path><\/svg><\/a><\/p>\n<\/li>\n<li>\n<p>        <img decoding=\"async\" src=\"\/wp-content\/uploads\/2023\/01\/e5.png\" alt=\"\"><\/p>\n<h3>Inova\u00e7\u00e3o e transforma\u00e7\u00e3o digital<\/h3>\n<div><a href=\"https:\/\/elearning.bluetourism.eu\/wp-content\/uploads\/2023\/06\/Area-de-competencia-8-Inovacao-e-transformacao-digital.pdf\" target=\"_blank\" class=\"download-rise-btn\" rel=\"noopener\"><span uk-icon=\"icon:download; ratio:2;\"><\/span><\/a><\/p>\n<\/div>\n<p><a href=\"https:\/\/elearning.bluetourism.eu\/flips\/pt-pt\/8\/story.html\"><svg xmlns=\"http:\/\/www.w3.org\/2000\/svg\" width=\"40\" height=\"40\" viewBox=\"0 0 20 20\"><circle fill=\"none\" stroke=\"#000\" cx=\"10\" cy=\"10\" r=\"3.45\"><\/circle><path fill=\"none\" stroke=\"#000\" d=\"m19.5,10c-2.4,3.66-5.26,7-9.5,7h0,0,0c-4.24,0-7.1-3.34-9.49-7C2.89,6.34,5.75,3,9.99,3h0,0,0c4.25,0,7.11,3.34,9.5,7Z\"><\/path><\/svg><\/a><\/p>\n<\/li>\n<\/ul>\n<p><!--more--><br \/>\n<!-- {\"type\":\"layout\",\"children\":[{\"type\":\"section\",\"props\":{\"style\":\"default\",\"width\":\"default\",\"vertical_align\":\"middle\",\"title_position\":\"top-left\",\"title_rotation\":\"left\",\"title_breakpoint\":\"xl\",\"image_position\":\"center-center\"},\"children\":[{\"type\":\"row\",\"children\":[{\"type\":\"column\",\"props\":{\"position_sticky_breakpoint\":\"m\",\"image_position\":\"center-center\",\"media_overlay_gradient\":\"\"},\"children\":[{\"type\":\"headline\",\"props\":{\"title_element\":\"h1\"},\"source\":{\"query\":{\"name\":\"pages.singlePage\"},\"props\":{\"content\":{\"filters\":{\"search\":\"\"},\"name\":\"title\"}}}},{\"type\":\"grid\",\"props\":{\"show_title\":true,\"show_meta\":true,\"show_content\":true,\"show_image\":true,\"show_link\":true,\"grid_default\":\"1\",\"grid_medium\":\"3\",\"filter_style\":\"tab\",\"filter_all\":true,\"filter_position\":\"top\",\"filter_align\":\"left\",\"filter_grid_width\":\"auto\",\"filter_grid_breakpoint\":\"m\",\"title_hover_style\":\"reset\",\"title_element\":\"h3\",\"title_align\":\"top\",\"title_grid_width\":\"1-2\",\"title_grid_breakpoint\":\"m\",\"meta_style\":\"meta\",\"meta_align\":\"below-title\",\"meta_element\":\"div\",\"content_column_breakpoint\":\"m\",\"icon_width\":80,\"image_align\":\"top\",\"image_grid_width\":\"1-2\",\"image_grid_breakpoint\":\"m\",\"image_svg_color\":\"emphasis\",\"link_text\":\"<svg xmlns=\\\"http:\\\/\\\/www.w3.org\\\/2000\\\/svg\\\" width=\\\"40\\\" height=\\\"40\\\" viewBox=\\\"0 0 20 20\\\"><circle fill=\\\"none\\\" stroke=\\\"#000\\\" cx=\\\"10\\\" cy=\\\"10\\\" r=\\\"3.45\\\"><\\\/circle><path fill=\\\"none\\\" stroke=\\\"#000\\\" d=\\\"m19.5,10c-2.4,3.66-5.26,7-9.5,7h0,0,0c-4.24,0-7.1-3.34-9.49-7C2.89,6.34,5.75,3,9.99,3h0,0,0c4.25,0,7.11,3.34,9.5,7Z\\\"><\\\/path><\\\/svg>\",\"link_style\":\"\",\"margin\":\"default\",\"item_animation\":true,\"grid_xlarge\":\"4\",\"grid_large\":\"4\",\"panel_link\":false,\"class\":\"ppg\",\"link_target\":true},\"children\":[{\"type\":\"grid_item\",\"props\":{\"title\":\"Turismo Sustent\\u00e1vel e ODS\",\"image\":\"wp-content\\\/uploads\\\/2023\\\/01\\\/e1.png\",\"link\":\"https:\\\/\\\/elearning.bluetourism.eu\\\/flips\\\/pt-pt\\\/1\\\/story.html\",\"content\":\"<a href=\\\"https:\\\/\\\/elearning.bluetourism.eu\\\/wp-content\\\/uploads\\\/2023\\\/06\\\/Area-de-competencia-1-Turismo-sustentavel-e-Objetivos-do-Desenvolvimento-Sustentavel-ODS.pdf\\\" target=\\\"_blank\\\" class=\\\"download-rise-btn\\\" rel=\\\"noopener\\\"><span uk-icon=\\\"icon:download; ratio:2;\\\"><\\\/span><\\\/a>\\n\\n\"}},{\"type\":\"grid_item\",\"props\":{\"title\":\"\\u00c9tica e responsabilidade social no turismo\",\"image\":\"wp-content\\\/uploads\\\/2023\\\/01\\\/e2.png\",\"link\":\"https:\\\/\\\/elearning.bluetourism.eu\\\/flips\\\/pt-pt\\\/2\\\/story.html\",\"content\":\"<a href=\\\"https:\\\/\\\/elearning.bluetourism.eu\\\/wp-content\\\/uploads\\\/2023\\\/06\\\/Area-de-competencia-2-Etica-e-responsabilidade-social-no-turismo.pdf\\\" target=\\\"_blank\\\" class=\\\"download-rise-btn\\\" rel=\\\"noopener\\\"><span uk-icon=\\\"icon:download; ratio:2;\\\"><\\\/span><\\\/a>\\n\\n\"}},{\"type\":\"grid_item\",\"props\":{\"title\":\"Patrim\\u00f3nio natural e cultural\\u00a0\",\"image\":\"wp-content\\\/uploads\\\/2023\\\/01\\\/e3.png\",\"link\":\"https:\\\/\\\/elearning.bluetourism.eu\\\/flips\\\/pt-pt\\\/3\\\/story.html\",\"content\":\"<a href=\\\"https:\\\/\\\/elearning.bluetourism.eu\\\/wp-content\\\/uploads\\\/2023\\\/06\\\/Area-de-competencia-3-Patrimonio-natural-e-cultural.pdf\\\" target=\\\"_blank\\\" class=\\\"download-rise-btn\\\" rel=\\\"noopener\\\"><span uk-icon=\\\"icon:download; ratio:2;\\\"><\\\/span><\\\/a>\\n\\n\"}},{\"type\":\"grid_item\",\"props\":{\"title\":\"Competitividade e desenvolvimento sustent\\u00e1vel do tecido empresarial local\",\"image\":\"wp-content\\\/uploads\\\/2023\\\/01\\\/e4.png\",\"link\":\"https:\\\/\\\/elearning.bluetourism.eu\\\/flips\\\/pt-pt\\\/4\\\/story.html\",\"content\":\"<a href=\\\"https:\\\/\\\/elearning.bluetourism.eu\\\/wp-content\\\/uploads\\\/2023\\\/06\\\/Area-de-competencia-4-Competitividade-e-desenvolvimento-sustentavel-do-tecido-empresarial-local.pdf\\\" target=\\\"_blank\\\" class=\\\"download-rise-btn\\\" rel=\\\"noopener\\\"><span uk-icon=\\\"icon:download; ratio:2;\\\"><\\\/span><\\\/a>\\n\\n\"}},{\"type\":\"grid_item\",\"props\":{\"title\":\"Estrat\\u00e9gia de internacionaliza\\u00e7\\u00e3o\",\"image\":\"wp-content\\\/uploads\\\/2023\\\/01\\\/e8.png\",\"link\":\"https:\\\/\\\/elearning.bluetourism.eu\\\/flips\\\/pt-pt\\\/5\\\/story.html\",\"content\":\"<a href=\\\"https:\\\/\\\/elearning.bluetourism.eu\\\/wp-content\\\/uploads\\\/2023\\\/06\\\/Area-de-competencia-5-Estrategia-de-internacionalizacao.pdf\\\" target=\\\"_blank\\\" class=\\\"download-rise-btn\\\" rel=\\\"noopener\\\"><span uk-icon=\\\"icon:download; ratio:2;\\\"><\\\/span><\\\/a>\\n\\n\"}},{\"type\":\"grid_item\",\"props\":{\"title\":\"Branding e marketing digital\",\"image\":\"wp-content\\\/uploads\\\/2023\\\/01\\\/e7.png\",\"link\":\"https:\\\/\\\/elearning.bluetourism.eu\\\/flips\\\/pt-pt\\\/6\\\/story.html\",\"content\":\"<a href=\\\"https:\\\/\\\/elearning.bluetourism.eu\\\/wp-content\\\/uploads\\\/2023\\\/06\\\/Area-de-competencia-6-Branding-e-marketing-digital.pdf\\\" target=\\\"_blank\\\" class=\\\"download-rise-btn\\\" rel=\\\"noopener\\\"><span uk-icon=\\\"icon:download; ratio:2;\\\"><\\\/span><\\\/a>\\n\\n\"}},{\"type\":\"grid_item\",\"props\":{\"title\":\"Networking e parcerias locais\",\"image\":\"wp-content\\\/uploads\\\/2023\\\/01\\\/e6.png\",\"link\":\"https:\\\/\\\/elearning.bluetourism.eu\\\/flips\\\/pt-pt\\\/7\\\/story.html\",\"content\":\"<a href=\\\"https:\\\/\\\/elearning.bluetourism.eu\\\/wp-content\\\/uploads\\\/2023\\\/06\\\/Area-de-competencia-7-Networking-e-parcerias-locais.pdf\\\" target=\\\"_blank\\\" class=\\\"download-rise-btn\\\" rel=\\\"noopener\\\"><span uk-icon=\\\"icon:download; ratio:2;\\\"><\\\/span><\\\/a>\\n\\n\"}},{\"type\":\"grid_item\",\"props\":{\"title\":\"Inova\\u00e7\\u00e3o e transforma\\u00e7\\u00e3o digital\",\"image\":\"wp-content\\\/uploads\\\/2023\\\/01\\\/e5.png\",\"link\":\"https:\\\/\\\/elearning.bluetourism.eu\\\/flips\\\/pt-pt\\\/8\\\/story.html\",\"content\":\"<a href=\\\"https:\\\/\\\/elearning.bluetourism.eu\\\/wp-content\\\/uploads\\\/2023\\\/06\\\/Area-de-competencia-8-Inovacao-e-transformacao-digital.pdf\\\" target=\\\"_blank\\\" class=\\\"download-rise-btn\\\" rel=\\\"noopener\\\"><span uk-icon=\\\"icon:download; ratio:2;\\\"><\\\/span><\\\/a>\\n\\n\"}}]}]}]}]}],\"version\":\"2.7.22\"} --><\/p>\n","protected":false},"excerpt":{"rendered":"<p>Turismo Sustent\u00e1vel e ODS \u00c9tica e responsabilidade social no turismo Patrim\u00f3nio natural e cultural\u00a0 Competitividade e desenvolvimento sustent\u00e1vel do tecido empresarial local Estrat\u00e9gia de internacionaliza\u00e7\u00e3o..<\/p>\n","protected":false},"author":1,"featured_media":0,"parent":0,"menu_order":0,"comment_status":"closed","ping_status":"closed","template":"","meta":{"_acf_changed":false,"inline_featured_image":false,"footnotes":""},"class_list":["post-1668","page","type-page","status-publish","hentry"],"acf":[],"_links":{"self":[{"href":"https:\/\/elearning.bluetourism.eu\/pt-pt\/wp-json\/wp\/v2\/pages\/1668","targetHints":{"allow":["GET"]}}],"collection":[{"href":"https:\/\/elearning.bluetourism.eu\/pt-pt\/wp-json\/wp\/v2\/pages"}],"about":[{"href":"https:\/\/elearning.bluetourism.eu\/pt-pt\/wp-json\/wp\/v2\/types\/page"}],"author":[{"embeddable":true,"href":"https:\/\/elearning.bluetourism.eu\/pt-pt\/wp-json\/wp\/v2\/users\/1"}],"replies":[{"embeddable":true,"href":"https:\/\/elearning.bluetourism.eu\/pt-pt\/wp-json\/wp\/v2\/comments?post=1668"}],"version-history":[{"count":9,"href":"https:\/\/elearning.bluetourism.eu\/pt-pt\/wp-json\/wp\/v2\/pages\/1668\/revisions"}],"predecessor-version":[{"id":2314,"href":"https:\/\/elearning.bluetourism.eu\/pt-pt\/wp-json\/wp\/v2\/pages\/1668\/revisions\/2314"}],"wp:attachment":[{"href":"https:\/\/elearning.bluetourism.eu\/pt-pt\/wp-json\/wp\/v2\/media?parent=1668"}],"curies":[{"name":"wp","href":"https:\/\/api.w.org\/{rel}","templated":true}]}}